{"id":688,"date":"2020-01-30T19:24:10","date_gmt":"2020-01-30T19:24:10","guid":{"rendered":"https:\/\/conshtinyhouse.com\/?page_id=688"},"modified":"2022-01-07T13:16:49","modified_gmt":"2022-01-07T13:16:49","slug":"specification","status":"publish","type":"page","link":"https:\/\/conshtinyhouse.com\/fr\/consh-2\/specification\/","title":{"rendered":"sp\u00e9cification"},"content":{"rendered":"<div data-elementor-type=\"wp-page\" data-elementor-id=\"688\" class=\"elementor elementor-688\" data-elementor-post-type=\"page\">\n\t\t\t\t\t\t<section class=\"elementor-section elementor-top-section elementor-element elementor-element-46038c5 elementor-section-boxed elementor-section-height-default elementor-section-height-default\" data-id=\"46038c5\" data-element_type=\"section\" id=\"page-top\">\n\t\t\t\t\t\t<div class=\"elementor-container elementor-column-gap-default\">\n\t\t\t\t\t<div class=\"elementor-column elementor-col-50 elementor-top-column elementor-element elementor-element-c0728aa\" data-id=\"c0728aa\" data-element_type=\"column\">\n\t\t\t<div class=\"elementor-widget-wrap elementor-element-populated\">\n\t\t\t\t\t\t<div class=\"elementor-element elementor-element-22f58b3 elementor-widget-divider--view-line_text elementor-widget-divider--element-align-center elementor-widget elementor-widget-divider\" data-id=\"22f58b3\" data-element_type=\"widget\" data-widget_type=\"divider.default\">\n\t\t\t\t<div class=\"elementor-widget-container\">\n\t\t\t\t\t\t\t<div class=\"elementor-divider\">\n\t\t\t<span class=\"elementor-divider-separator\">\n\t\t\t\t\t\t\t<span class=\"elementor-divider__text elementor-divider__element\">\n\t\t\t\tConsh 2 Specification\t\t\t\t<\/span>\n\t\t\t\t\t\t<\/span>\n\t\t<\/div>\n\t\t\t\t\t\t<\/div>\n\t\t\t\t<\/div>\n\t\t\t\t<div class=\"elementor-element elementor-element-656f1c3 elementor-widget elementor-widget-text-editor\" data-id=\"656f1c3\" data-element_type=\"widget\" data-widget_type=\"text-editor.default\">\n\t\t\t\t<div class=\"elementor-widget-container\">\n\t\t\t\t\t\t\t\t\t<p>\u00a0<\/p><p><strong>\u00a0 \u00a0<span style=\"text-decoration: underline;\">Sol<\/span><\/strong> (de la base vers le haut)<\/p><p>\u00a0 \u00a0Contreplaqu\u00e9 marin de 5 mm avec finition de peinture protectrice<\/p><p>\u00a0 \u00a0Isolation 100 mm biofib (coton, chanvre et fibres m\u00e9lang\u00e9es recycl\u00e9es)<\/p><p>\u00a0 \u00a0Solives en sapin douglas 60x40mm\u00a0<\/p><p>\u00a0 \u00a0Sous-couche de contreplaqu\u00e9 CBTX 15 mm<\/p><p>\u00a0 \u00a0Plancher de ch\u00e2taignier d'origine locale de 10 mm<\/p><p><strong>\u00a0 \u00a0<span style=\"text-decoration: underline;\">Des murs<\/span><\/strong><\/p><p>\u00a0 \u00a0Sapin de douglas huil\u00e9 de source locale et bardage en fibre \u00e9co-bitume<\/p><p>\u00a0 \u00a0Membrane pare-pluie<\/p><p>\u00a0 \u00a0Isolation en fibre biofib 100mm<\/p><p>\u00a0 \u00a0100x27mm ossature de sapin douglas<\/p><p>\u00a0 \u00a0Int\u00e9rieur en contreplaqu\u00e9 de peuplier blanc de 10 mm<\/p><p>\u00a0 <strong>\u00a0<span style=\"text-decoration: underline;\">Toit<\/span><\/strong><\/p><p>\u00a0 \u00a0T\u00f4le d'acier ondul\u00e9e galvanis\u00e9e enduite de plastisol<\/p><p>\u00a0 \u00a0Membrane pare-pluie<\/p><p>\u00a0 \u00a0100x27mm ossature de sapin douglas<\/p><p>\u00a0 \u00a0Isolation en fibre de bois Pavatex Flex 100 mm<\/p><p>\u00a0 \u00a0Int\u00e9rieur en contreplaqu\u00e9 de peuplier blanc de 10 mm<\/p><p><strong>\u00a0 \u00a0<span style=\"text-decoration: underline;\">Menuiserie<\/span><\/strong><\/p><p>\u00a0 \u00a0Cadre en m\u00e9l\u00e8ze de Sib\u00e9rie fabriqu\u00e9 \u00e0 la main - double vitrage<\/p><p><strong>\u00a0 \u00a0<span style=\"text-decoration: underline;\">Electrics<\/span><\/strong><\/p><p>\u00a0 \u00a0Raccords Schneider<\/p><p>\u00a0 \u00a0Extrait de cuisine, extrait de salle de bain<\/p><p>\u00a0 \u00a0Tableau \u00e9lectrique<\/p><p><strong>\u00a0 \u00a0<span style=\"text-decoration: underline;\">Cuisine<\/span><\/strong><\/p><p>\u00a0 \u00a0\u00c9vier et robinet en acier inoxydable<\/p><p>\u00a0 \u00a0Plan de travail en ch\u00e2taignier<\/p><p>\u00a0 \u00a0Encadrement en ch\u00e2taignier sur mesure avec portes en peuplier<\/p><p>\u00a0 \u00a0Carrelage mosa\u00efque en verre<\/p><p>\u00a0 \u00a0\u00c9tag\u00e8res en ch\u00e2taignier<\/p><p><strong>\u00a0 \u00a0<span style=\"text-decoration: underline;\">Salle de bain<\/span><\/strong><\/p><p>\u00a0 \u00a0Vasque en c\u00e9ramique<\/p><p>\u00a0 \u00a0Toilettes s\u00e8che<\/p><p>\u00a0 \u00a0Douche 120x70cm<\/p><p>\u00a0 \u00a0Robinetterie de douche en laiton<\/p><p>\u00a0 \u00a0Placard<\/p><p>\u00a0 \u00a0Porte en peuplier avec ferrures en laiton<\/p><p>\u00a0 \u00a0<strong><span style=\"text-decoration: underline;\">Salon<\/span><\/strong><\/p><p>\u00a0 \u00a0Table en ch\u00e2taignier\u00a0<\/p><p>\u00a0 \u00a0Escalier en ch\u00e2taignier<\/p><p>\u00a0 \u00a0Rev\u00eatement de sol en ch\u00e2taignier<\/p><p><strong>\u00a0 \u00a0<span style=\"text-decoration: underline;\">Chambre<\/span><\/strong><\/p><p>\u00a0 \u00a0\u00c9tag\u00e8res et bureau en peuplier<\/p><p>\u00a0 \u00a0Plancher en bois de peuplier 24 mm\u00a0<\/p>\t\t\t\t\t\t\t\t<\/div>\n\t\t\t\t<\/div>\n\t\t\t\t\t<\/div>\n\t\t<\/div>\n\t\t\t\t<div class=\"elementor-column elementor-col-50 elementor-top-column elementor-element elementor-element-beef887\" data-id=\"beef887\" data-element_type=\"column\">\n\t\t\t<div class=\"elementor-widget-wrap elementor-element-populated\">\n\t\t\t\t\t\t<div class=\"elementor-element elementor-element-483824f elementor-widget-divider--view-line_text elementor-widget-divider--element-align-center elementor-widget elementor-widget-divider\" data-id=\"483824f\" data-element_type=\"widget\" data-widget_type=\"divider.default\">\n\t\t\t\t<div class=\"elementor-widget-container\">\n\t\t\t\t\t\t\t<div class=\"elementor-divider\">\n\t\t\t<span class=\"elementor-divider-separator\">\n\t\t\t\t\t\t\t<span class=\"elementor-divider__text elementor-divider__element\">\n\t\t\t\tDimensions\t\t\t\t<\/span>\n\t\t\t\t\t\t<\/span>\n\t\t<\/div>\n\t\t\t\t\t\t<\/div>\n\t\t\t\t<\/div>\n\t\t\t\t<div class=\"elementor-element elementor-element-ccbf8ce elementor-widget elementor-widget-text-editor\" data-id=\"ccbf8ce\" data-element_type=\"widget\" data-widget_type=\"text-editor.default\">\n\t\t\t\t<div class=\"elementor-widget-container\">\n\t\t\t\t\t\t\t\t\tSurface habitable: 13m\u00b2\n<br><br>\nSurface chambre: 9,7m\u00b2\n<br><br>\nHauteur maximale: 4,2 m\n<br><br>\nLongueur ext\u00e9rieure: 6,8 m\n<br><br>\nLargeur ext\u00e9rieure: 2,5 m\n<br><br>\nPoids avec remorque: environ 3000 kg\t\t\t\t\t\t\t\t<\/div>\n\t\t\t\t<\/div>\n\t\t\t\t\t<\/div>\n\t\t<\/div>\n\t\t\t\t\t<\/div>\n\t\t<\/section>\n\t\t\t\t<\/div>","protected":false},"excerpt":{"rendered":"<p>Consh 2 Specification \u00a0 \u00a0 \u00a0Floor (build up from base) \u00a0 \u00a05mm marine ply with protective paint finish \u00a0 \u00a0100mm biofib (cotton, hemp and recycled mixed fibres) insulation \u00a0 \u00a060x40mm douglas fir joists\u00a0 \u00a0 \u00a015mm CBTX plywood underlay \u00a0 \u00a010mm locally sourced chestnut wood plank flooring \u00a0 \u00a0Walls \u00a0 \u00a0Locally sourced oiled Douglas fir and [&hellip;]<\/p>","protected":false},"author":1,"featured_media":0,"parent":1275,"menu_order":0,"comment_status":"closed","ping_status":"closed","template":"elementor_header_footer","meta":{"_monsterinsights_skip_tracking":false,"_monsterinsights_sitenote_active":false,"_monsterinsights_sitenote_note":"","_monsterinsights_sitenote_category":0,"footnotes":""},"class_list":["post-688","page","type-page","status-publish","hentry","entry"],"aioseo_notices":[],"_links":{"self":[{"href":"https:\/\/conshtinyhouse.com\/fr\/wp-json\/wp\/v2\/pages\/688","targetHints":{"allow":["GET"]}}],"collection":[{"href":"https:\/\/conshtinyhouse.com\/fr\/wp-json\/wp\/v2\/pages"}],"about":[{"href":"https:\/\/conshtinyhouse.com\/fr\/wp-json\/wp\/v2\/types\/page"}],"author":[{"embeddable":true,"href":"https:\/\/conshtinyhouse.com\/fr\/wp-json\/wp\/v2\/users\/1"}],"replies":[{"embeddable":true,"href":"https:\/\/conshtinyhouse.com\/fr\/wp-json\/wp\/v2\/comments?post=688"}],"version-history":[{"count":41,"href":"https:\/\/conshtinyhouse.com\/fr\/wp-json\/wp\/v2\/pages\/688\/revisions"}],"predecessor-version":[{"id":2138,"href":"https:\/\/conshtinyhouse.com\/fr\/wp-json\/wp\/v2\/pages\/688\/revisions\/2138"}],"up":[{"embeddable":true,"href":"https:\/\/conshtinyhouse.com\/fr\/wp-json\/wp\/v2\/pages\/1275"}],"wp:attachment":[{"href":"https:\/\/conshtinyhouse.com\/fr\/wp-json\/wp\/v2\/media?parent=688"}],"curies":[{"name":"wp","href":"https:\/\/api.w.org\/{rel}","templated":true}]}}