{"id":411,"date":"2020-01-25T17:13:33","date_gmt":"2020-01-25T17:13:33","guid":{"rendered":"https:\/\/conshtinyhouse.com\/?page_id=411"},"modified":"2022-01-07T13:14:14","modified_gmt":"2022-01-07T13:14:14","slug":"specification","status":"publish","type":"page","link":"https:\/\/conshtinyhouse.com\/fr\/consh-1\/specification\/","title":{"rendered":"sp\u00e9cification"},"content":{"rendered":"<div data-elementor-type=\"wp-page\" data-elementor-id=\"411\" class=\"elementor elementor-411\" data-elementor-post-type=\"page\">\n\t\t\t\t\t\t<section class=\"elementor-section elementor-top-section elementor-element elementor-element-0ecc406 elementor-section-boxed elementor-section-height-default elementor-section-height-default\" data-id=\"0ecc406\" data-element_type=\"section\" id=\"page-top\">\n\t\t\t\t\t\t<div class=\"elementor-container elementor-column-gap-default\">\n\t\t\t\t\t<div class=\"elementor-column elementor-col-50 elementor-top-column elementor-element elementor-element-8b24230\" data-id=\"8b24230\" data-element_type=\"column\">\n\t\t\t<div class=\"elementor-widget-wrap elementor-element-populated\">\n\t\t\t\t\t\t<div class=\"elementor-element elementor-element-4067f5d elementor-widget-divider--view-line_text elementor-widget-divider--element-align-center elementor-widget elementor-widget-divider\" data-id=\"4067f5d\" data-element_type=\"widget\" data-widget_type=\"divider.default\">\n\t\t\t\t<div class=\"elementor-widget-container\">\n\t\t\t\t\t\t\t<div class=\"elementor-divider\">\n\t\t\t<span class=\"elementor-divider-separator\">\n\t\t\t\t\t\t\t<span class=\"elementor-divider__text elementor-divider__element\">\n\t\t\t\tConsh 1 Specification\t\t\t\t<\/span>\n\t\t\t\t\t\t<\/span>\n\t\t<\/div>\n\t\t\t\t\t\t<\/div>\n\t\t\t\t<\/div>\n\t\t\t\t<div class=\"elementor-element elementor-element-253c455 elementor-widget elementor-widget-text-editor\" data-id=\"253c455\" data-element_type=\"widget\" data-widget_type=\"text-editor.default\">\n\t\t\t\t<div class=\"elementor-widget-container\">\n\t\t\t\t\t\t\t\t\t<p><u><\/u><strong>&nbsp;.<\/strong><\/p>\n<p><strong>&nbsp; &nbsp;<span style=\"text-decoration: underline;\">Sol<\/span><\/strong>&nbsp;(de la base vers le haut)<\/p>\n<p>&nbsp; &nbsp;Contreplaqu\u00e9 marin de 5 mm avec finition de peinture protectrice<\/p>\n<p>&nbsp; &nbsp;Isolation biofibres de 60 mm (coton, chanvre et fibres m\u00e9lang\u00e9es recycl\u00e9es)<\/p>\n<p>&nbsp; &nbsp;Ossature de 60x40 mm \u00e0 400 mm de centre<\/p>\n<p>&nbsp; &nbsp;Pare-pluie Spirtech 200<\/p>\n<p>&nbsp; &nbsp;Contreplaqu\u00e9 marin de 15 mm WBP dans la cuisine, la salle d'eau et le placard utilitaire<\/p>\n<p>&nbsp; &nbsp;Planche de ch\u00e2taignier d'origine locale de 20 mm<\/p>\n<p><strong>&nbsp; &nbsp;<span style=\"text-decoration: underline;\">Des murs<\/span><\/strong><\/p>\n<p>&nbsp; &nbsp;Locally sourced, oiled Douglas fir and bitumen fibre sheets<\/p>\n<p>&nbsp; &nbsp;Pare-pluie Spirtech 200<\/p>\n<p>&nbsp; &nbsp;Isolation en fibre de bois Biofib 60 mm et Pavatex Flex 80 mm<\/p>\n<p>&nbsp; &nbsp;Ossature 60x40mm et 80x40mm<\/p>\n<p>&nbsp; &nbsp;Contreplaqu\u00e9 de peuplier laqu\u00e9 blanc 8 mm<\/p>\n<p><strong>&nbsp; &nbsp;<span style=\"text-decoration: underline;\">Toit<\/span><\/strong><\/p>\n<p>&nbsp; &nbsp;T\u00f4le galvanis\u00e9e ondul\u00e9e<\/p>\n<p>&nbsp; &nbsp;Pare-pluie Spirtech 200<\/p>\n<p>&nbsp; &nbsp;Ossature 80x40mm<\/p>\n<p>&nbsp; &nbsp;Isolation Pavatex Flex 80 mm<\/p>\n<p>&nbsp; &nbsp;Contreplaqu\u00e9 de peuplier laqu\u00e9 blanc<\/p>\n<p><strong>&nbsp; &nbsp;<span style=\"text-decoration: underline;\">Menuiserie<\/span><\/strong><\/p>\n<p>&nbsp; &nbsp;Portes et fen\u00eatres \u00e0 simple vitrage et recycl\u00e9es avec cadre en ch\u00e2taignier<\/p>\n<p>&nbsp; &nbsp;Fen\u00eatres mezzanine simple vitrage huil\u00e9 ch\u00e2taignier et ch\u00eane<\/p>\n<p><strong>&nbsp; &nbsp;<span style=\"text-decoration: underline;\">Electrics<\/span><\/strong><\/p>\n<p>&nbsp; &nbsp;Equipement \u00e9lectrique Legrand: 1 double prise USB, 5 interrupteurs d'\u00e9clairage, 7 prises de courant<\/p>\n<p>&nbsp; &nbsp;Tableau \u00e9lectrique \u00e9tanche<\/p>\n<p>&nbsp; &nbsp;<strong><span style=\"text-decoration: underline;\">Cuisine<\/span><\/strong><\/p>\n<p>&nbsp; &nbsp;\u00c9vier en acier inoxydable avec robinet chrom\u00e9<\/p>\n<p>&nbsp; &nbsp;Carrelage mosa\u00efque en verre<\/p>\n<p>&nbsp; &nbsp;R\u00e9frig\u00e9rateur-cong\u00e9lateur Klarstein Big Daddy Cool de 87 litres<\/p>\n<p>&nbsp; &nbsp;Klarstein Masterchef 60 mini-four avec 2 plaques de cuisson<\/p>\n<p><strong>&nbsp; &nbsp;<span style=\"text-decoration: underline;\">Salle d'eau<\/span><\/strong><\/p>\n<p>&nbsp; &nbsp;Vasque en bambou avec robinet en laiton<\/p>\n<p>&nbsp; &nbsp;Toilette s\u00e8che<\/p>\n<p>&nbsp; &nbsp;Robinetterie de douche en laiton<\/p>\n<p>&nbsp; &nbsp;Rev\u00eatement de sol en marbre reconstitu\u00e9 avec vidage en laiton<\/p>\n<p>&nbsp; &nbsp;2 protective&nbsp; &nbsp; Shower curtains with poles<\/p>\n<p><strong>&nbsp; &nbsp;<span style=\"text-decoration: underline;\">Salon<\/span><\/strong><\/p>\n<p>&nbsp; &nbsp;Table en ch\u00eane et plan de travail rabattable en ch\u00eane avec garnitures en laiton<\/p>\n<p>&nbsp; &nbsp;Escalier en ch\u00e2taignier<\/p>\n<p>&nbsp; &nbsp;Pine sofa<\/p>\n<p>&nbsp; &nbsp;Porte v\u00eatue de ch\u00e2taignier vers la salle d'eau avec raccords en laiton<\/p>\n<p>.<\/p>\t\t\t\t\t\t\t\t<\/div>\n\t\t\t\t<\/div>\n\t\t\t\t\t<\/div>\n\t\t<\/div>\n\t\t\t\t<div class=\"elementor-column elementor-col-50 elementor-top-column elementor-element elementor-element-0302006\" data-id=\"0302006\" data-element_type=\"column\">\n\t\t\t<div class=\"elementor-widget-wrap elementor-element-populated\">\n\t\t\t\t\t\t<div class=\"elementor-element elementor-element-44288c5 elementor-widget-divider--view-line_text elementor-widget-divider--element-align-center elementor-widget elementor-widget-divider\" data-id=\"44288c5\" data-element_type=\"widget\" data-widget_type=\"divider.default\">\n\t\t\t\t<div class=\"elementor-widget-container\">\n\t\t\t\t\t\t\t<div class=\"elementor-divider\">\n\t\t\t<span class=\"elementor-divider-separator\">\n\t\t\t\t\t\t\t<span class=\"elementor-divider__text elementor-divider__element\">\n\t\t\t\tDimensions\t\t\t\t<\/span>\n\t\t\t\t\t\t<\/span>\n\t\t<\/div>\n\t\t\t\t\t\t<\/div>\n\t\t\t\t<\/div>\n\t\t\t\t<div class=\"elementor-element elementor-element-e7dda8e elementor-widget elementor-widget-text-editor\" data-id=\"e7dda8e\" data-element_type=\"widget\" data-widget_type=\"text-editor.default\">\n\t\t\t\t<div class=\"elementor-widget-container\">\n\t\t\t\t\t\t\t\t\t<p>\u00a0 .<\/p><p>\u00a0 \u00a0Surface habitable: 9m2<\/p><p>\u00a0 \u00a0Chambre en mezzanine: 4,2m2<\/p><p>\u00a0 \u00a0Hauteur maximale: 4,1 m<\/p><p>\u00a0 \u00a0Longueur ext\u00e9rieure: 4,6 m<\/p><p>\u00a0 \u00a0Largeur ext\u00e9rieure: 2,2 m<\/p><p>\u00a0 \u00a0Poids avec remorque: environ 2200 kg\u00a0<\/p><p>.<\/p>\t\t\t\t\t\t\t\t<\/div>\n\t\t\t\t<\/div>\n\t\t\t\t\t<\/div>\n\t\t<\/div>\n\t\t\t\t\t<\/div>\n\t\t<\/section>\n\t\t\t\t<\/div>","protected":false},"excerpt":{"rendered":"<p>Consh 1 Specification &nbsp;. &nbsp; &nbsp;Floor&nbsp;(build up from base) &nbsp; &nbsp;5mm marine ply with protective paint finish &nbsp; &nbsp;60mm biofib (cotton, hemp and recycled mixed fibres) insulation &nbsp; &nbsp;60x40mm treated softwood framing at 400mm centres &nbsp; &nbsp;Spirtech 200 rain screen &nbsp; &nbsp;15mm WBP marine plywood in kitchen, wetroom and utility cupboard &nbsp; &nbsp;20mm locally sourced [&hellip;]<\/p>","protected":false},"author":1,"featured_media":0,"parent":1189,"menu_order":0,"comment_status":"closed","ping_status":"closed","template":"elementor_header_footer","meta":{"_monsterinsights_skip_tracking":false,"_monsterinsights_sitenote_active":false,"_monsterinsights_sitenote_note":"","_monsterinsights_sitenote_category":0,"footnotes":""},"class_list":["post-411","page","type-page","status-publish","hentry","entry"],"aioseo_notices":[],"_links":{"self":[{"href":"https:\/\/conshtinyhouse.com\/fr\/wp-json\/wp\/v2\/pages\/411","targetHints":{"allow":["GET"]}}],"collection":[{"href":"https:\/\/conshtinyhouse.com\/fr\/wp-json\/wp\/v2\/pages"}],"about":[{"href":"https:\/\/conshtinyhouse.com\/fr\/wp-json\/wp\/v2\/types\/page"}],"author":[{"embeddable":true,"href":"https:\/\/conshtinyhouse.com\/fr\/wp-json\/wp\/v2\/users\/1"}],"replies":[{"embeddable":true,"href":"https:\/\/conshtinyhouse.com\/fr\/wp-json\/wp\/v2\/comments?post=411"}],"version-history":[{"count":32,"href":"https:\/\/conshtinyhouse.com\/fr\/wp-json\/wp\/v2\/pages\/411\/revisions"}],"predecessor-version":[{"id":2134,"href":"https:\/\/conshtinyhouse.com\/fr\/wp-json\/wp\/v2\/pages\/411\/revisions\/2134"}],"up":[{"embeddable":true,"href":"https:\/\/conshtinyhouse.com\/fr\/wp-json\/wp\/v2\/pages\/1189"}],"wp:attachment":[{"href":"https:\/\/conshtinyhouse.com\/fr\/wp-json\/wp\/v2\/media?parent=411"}],"curies":[{"name":"wp","href":"https:\/\/api.w.org\/{rel}","templated":true}]}}